{"id":10354,"date":"2017-03-02T15:05:01","date_gmt":"2017-03-02T15:05:01","guid":{"rendered":"https:\/\/slimtemplate.net\/adamas-usa-import\/?page_id=10354"},"modified":"2022-09-28T00:51:44","modified_gmt":"2022-09-27T21:51:44","slug":"iletisim","status":"publish","type":"page","link":"https:\/\/www.ckgrup.net\/en\/iletisim\/","title":{"rendered":"Contact"},"content":{"rendered":"<p>[vc_row][vc_column][vc_empty_space height=&#8221;28px&#8221;][\/vc_column][\/vc_row][vc_row equal_height=&#8221;yes&#8221;][vc_column st_column_responsive_remove_css=&#8221;st-remove-paddings&#8221; css=&#8221;.vc_custom_1484603918243{padding-right: 80px !important;padding-left: 80px !important;background-color: #f2f2f2 !important;}&#8221; offset=&#8221;vc_col-lg-6 vc_col-md-6&#8243;][vc_empty_space height=&#8221;75px&#8221;]<div id=\"ultimate-heading-598269f2b341ef538\" class=\"uvc-heading ult-adjust-bottom-margin ultimate-heading-598269f2b341ef538 uvc-333  enable-elem side h2\" data-hspacer=\"no_spacer\"  data-halign=\"left\" style=\"text-align:left;\"><i class=\"st-h-before\"><i><\/i><\/i><div class=\"uvc-heading-spacer no_spacer\" style=\"top\"><\/div><div class=\"uvc-main-heading ult-responsive\"  data-ultimate-target='.uvc-heading.ultimate-heading-598269f2b341ef538 h2'  data-responsive-json-new='{\"font-size\":\"desktop:32px;\",\"line-height\":\"\"}' ><h2 style=\"font-weight:bold;\">Our Contact Information<\/h2><\/div><div class=\"uvc-sub-heading ult-responsive\"  data-ultimate-target='.uvc-heading.ultimate-heading-598269f2b341ef538 .uvc-sub-heading '  data-responsive-json-new='{\"font-size\":\"desktop:22px;\",\"line-height\":\"\"}'  style=\"font-weight:normal;color:#999999;\"><strong>Address:<\/strong><br \/>\n\u0130kitelli Organize Sanayi B\u00f6lgesi Sara\u00e7lar Sanayi Sitesi, No: 38 Ba\u015fak\u015fehir \/ \u0130STANBUL<\/div><\/div>[vc_empty_space height=&#8221;40px&#8221;][vc_column_text]<\/p>\n<ul>\n<li>Phone: 0212 485 46 06<\/li>\n<li>Phone: 0212 485 46 07<\/li>\n<li>Fax: 0212 485 46 05<\/li>\n<li>GSM: 0532 428 11 99<\/li>\n<li>E-mail: info@ckgrup.net<\/li>\n<li>E-mail: export@ckgrup.net<\/li>\n<li>E-mail: sales@ckgrup.net<\/li>\n<li>E-mail: sales1@ckgrup.net<\/li>\n<li>WhatsApp: 0532 428 11 99<\/li>\n<\/ul>\n<p>[\/vc_column_text][vc_empty_space height=&#8221;55px&#8221;][\/vc_column][vc_column css=&#8221;.vc_custom_1597916917926{background-image: url(http:\/\/ckgrup.net\/en\/wp-content\/uploads\/2020\/08\/ilrtisim-header.jpg?id=10879) !important;background-position: center !important;background-repeat: no-repeat !important;background-size: cover !important;}&#8221; offset=&#8221;vc_col-lg-6 vc_col-md-6 vc_hidden-sm vc_hidden-xs&#8221;][\/vc_column][\/vc_row][vc_row][vc_column][vc_empty_space height=&#8221;80px&#8221;][\/vc_column][\/vc_row][vc_row][vc_column st_column_responsive_remove_css=&#8221;st-remove-paddings&#8221; css=&#8221;.vc_custom_1484603933371{padding-right: 15px !important;}&#8221; offset=&#8221;vc_col-lg-6 vc_col-md-6&#8243;][vc_custom_heading text=&#8221;<b>Contact form<\/b>&#8221; font_container=&#8221;tag:h3|font_size:20|text_align:center&#8221; use_theme_fonts=&#8221;yes&#8221; custom_heading_enable_elem=&#8221;yes&#8221; css=&#8221;.vc_custom_1601385302732{padding-top: 12px !important;padding-bottom: 10px !important;background-color: #f1f1f0 !important;}&#8221;][vc_empty_space height=&#8221;30px&#8221;]<div role=\"form\" class=\"wpcf7\" id=\"wpcf7-f10876-o1\" lang=\"tr-TR\" dir=\"ltr\">\n<div class=\"screen-reader-response\" role=\"alert\" aria-live=\"polite\"><\/div>\n<form action=\"\/en\/wp-json\/wp\/v2\/pages\/10354#wpcf7-f10876-o1\" method=\"post\" class=\"wpcf7-form init\" novalidate=\"novalidate\">\n<div style=\"display: none;\">\n<input type=\"hidden\" name=\"_wpcf7\" value=\"10876\" \/>\n<input type=\"hidden\" name=\"_wpcf7_version\" value=\"5.2.2\" \/>\n<input type=\"hidden\" name=\"_wpcf7_locale\" value=\"tr_TR\" \/>\n<input type=\"hidden\" name=\"_wpcf7_unit_tag\" value=\"wpcf7-f10876-o1\" \/>\n<input type=\"hidden\" name=\"_wpcf7_container_post\" value=\"0\" \/>\n<input type=\"hidden\" name=\"_wpcf7_posted_data_hash\" value=\"\" \/>\n<\/div>\n<div class=\"st-contact-block-form\">\n<div class=\"st-contact-form-input\"><span class=\"wpcf7-form-control-wrap your-name\"><input type=\"text\" name=\"your-name\" value=\"\" size=\"20\" class=\"wpcf7-form-control wpcf7-text wpcf7-validates-as-required\" aria-required=\"true\" aria-invalid=\"false\" placeholder=\"Name\" \/><\/span><\/div>\n<div class=\"st-contact-form-input\"><span class=\"wpcf7-form-control-wrap your-email\"><input type=\"email\" name=\"your-email\" value=\"\" size=\"20\" class=\"wpcf7-form-control wpcf7-text wpcf7-email wpcf7-validates-as-required wpcf7-validates-as-email\" aria-required=\"true\" aria-invalid=\"false\" placeholder=\"E-mail\" \/><\/span><\/div>\n<div class=\"st-contact-form-input\"><span class=\"wpcf7-form-control-wrap your-phone\"><input type=\"tel\" name=\"your-phone\" value=\"\" size=\"20\" class=\"wpcf7-form-control wpcf7-text wpcf7-tel wpcf7-validates-as-required wpcf7-validates-as-tel\" aria-required=\"true\" aria-invalid=\"false\" placeholder=\"Telephone\" \/><\/span><\/div>\n<div class=\"st-contact-form-input\"><span class=\"wpcf7-form-control-wrap your-message\"><textarea name=\"your-message\" cols=\"40\" rows=\"10\" class=\"wpcf7-form-control wpcf7-textarea wpcf7-validates-as-required\" aria-required=\"true\" aria-invalid=\"false\" placeholder=\"Your Message\"><\/textarea><\/span><\/div>\n<div class=\"st-contact-form-submit\"><input type=\"submit\" value=\"SEND\" class=\"wpcf7-form-control wpcf7-submit\" \/><br \/>\n<span class=\"st-contact-form-submit-icon\"><i class=\"fa fa-angle-right\" aria-hidden=\"true\"><\/i><\/span>\n<\/div>\n<\/div>\n<div class=\"wpcf7-response-output\" role=\"alert\" aria-hidden=\"true\"><\/div><\/form><\/div>[\/vc_column][vc_column st_column_responsive_remove_css=&#8221;st-remove-paddings&#8221; css=&#8221;.vc_custom_1484603939597{padding-left: 15px !important;}&#8221; offset=&#8221;vc_col-lg-6 vc_col-md-6&#8243;][vc_custom_heading text=&#8221;<b>Our location<\/b>&#8221; font_container=&#8221;tag:h3|font_size:20|text_align:center&#8221; use_theme_fonts=&#8221;yes&#8221; custom_heading_enable_elem=&#8221;yes&#8221; css=&#8221;.vc_custom_1601385316242{padding-top: 12px !important;padding-bottom: 10px !important;background-color: #f1f1f0 !important;}&#8221;][vc_empty_space height=&#8221;30px&#8221;][vc_gmaps link=&#8221;#E-8_JTNDaWZyYW1lJTIwc3JjJTNEJTIyaHR0cHMlM0ElMkYlMkZ3d3cuZ29vZ2xlLmNvbSUyRm1hcHMlMkZkJTJGdSUyRjAlMkZlbWJlZCUzRm1pZCUzRDFvU2xlRndxcGdCU1piY09zZmpOTlJ2Rm9ldjhLX1ZJbiUyMiUyMHdpZHRoJTNEJTIyMTAwJTI1JTIyJTIwaGVpZ2h0JTNEJTIyMzQwJTIyJTNFJTNDJTJGaWZyYW1lJTNF&#8221;][\/vc_column][\/vc_row][vc_row][vc_column][vc_empty_space height=&#8221;50px&#8221;][\/vc_column][\/vc_row]<\/p>\n","protected":false},"excerpt":{"rendered":"<p>[vc_row][vc_column][vc_empty_space height=&#8221;28px&#8221;][\/vc_column][\/vc_row][vc_row equal_height=&#8221;yes&#8221;][vc_column st_column_responsive_remove_css=&#8221;st-remove-paddings&#8221; css=&#8221;.vc_custom_1484603918243{padding-right: 80px !important;padding-left: 80px !important;background-color: #f2f2f2 !important;}&#8221; offset=&#8221;vc_col-lg-6 vc_col-md-6&#8243;][vc_empty_space height=&#8221;75px&#8221;][vc_empty_space height=&#8221;40px&#8221;][vc_column_text] Phone: 0212 485 46 06 Phone: 0212 485 46 07 Fax: 0212 485 46 05&#8230;<\/p>\n","protected":false},"author":1,"featured_media":10879,"parent":0,"menu_order":49,"comment_status":"closed","ping_status":"closed","template":"page-templates\/page-for-composer.php","meta":[],"yoast_head":"<!-- This site is optimized with the Yoast SEO plugin v14.9 - https:\/\/yoast.com\/wordpress\/plugins\/seo\/ -->\n<title>Contact - Ck Grup<\/title>\n<meta name=\"robots\" content=\"index, follow, max-snippet:-1, max-image-preview:large, max-video-preview:-1\" \/>\n<link rel=\"canonical\" href=\"https:\/\/www.ckgrup.net\/en\/iletisim\/\" \/>\n<meta property=\"og:locale\" content=\"tr_TR\" \/>\n<meta property=\"og:type\" content=\"article\" \/>\n<meta property=\"og:title\" content=\"Contact - Ck Grup\" \/>\n<meta property=\"og:description\" content=\"[vc_row][vc_column][vc_empty_space height=&#8221;28px&#8221;][\/vc_column][\/vc_row][vc_row equal_height=&#8221;yes&#8221;][vc_column st_column_responsive_remove_css=&#8221;st-remove-paddings&#8221; css=&#8221;.vc_custom_1484603918243{padding-right: 80px !important;padding-left: 80px !important;background-color: #f2f2f2 !important;}&#8221; offset=&#8221;vc_col-lg-6 vc_col-md-6&#8243;][vc_empty_space height=&#8221;75px&#8221;][vc_empty_space height=&#8221;40px&#8221;][vc_column_text] Phone: 0212 485 46 06 Phone: 0212 485 46 07 Fax: 0212 485 46 05...\" \/>\n<meta property=\"og:url\" content=\"https:\/\/www.ckgrup.net\/en\/iletisim\/\" \/>\n<meta property=\"og:site_name\" content=\"Ck Grup\" \/>\n<meta property=\"article:modified_time\" content=\"2022-09-27T21:51:44+00:00\" \/>\n<meta property=\"og:image\" content=\"https:\/\/www.ckgrup.net\/en\/wp-content\/uploads\/2020\/08\/ilrtisim-header.jpg\" \/>\n\t<meta property=\"og:image:width\" content=\"2032\" \/>\n\t<meta property=\"og:image:height\" content=\"1295\" \/>\n<meta name=\"twitter:card\" content=\"summary_large_image\" \/>\n<script type=\"application\/ld+json\" class=\"yoast-schema-graph\">{\"@context\":\"https:\/\/schema.org\",\"@graph\":[{\"@type\":\"WebSite\",\"@id\":\"https:\/\/www.ckgrup.net\/en\/#website\",\"url\":\"https:\/\/www.ckgrup.net\/en\/\",\"name\":\"Ck Grup\",\"description\":\"Ka\\u011f\\u0131t Rulo Masura Sanayi\",\"potentialAction\":[{\"@type\":\"SearchAction\",\"target\":\"https:\/\/www.ckgrup.net\/en\/?s={search_term_string}\",\"query-input\":\"required name=search_term_string\"}],\"inLanguage\":\"tr\"},{\"@type\":\"ImageObject\",\"@id\":\"https:\/\/www.ckgrup.net\/en\/iletisim\/#primaryimage\",\"inLanguage\":\"tr\",\"url\":\"https:\/\/www.ckgrup.net\/en\/wp-content\/uploads\/2020\/08\/ilrtisim-header.jpg\",\"width\":2032,\"height\":1295},{\"@type\":\"WebPage\",\"@id\":\"https:\/\/www.ckgrup.net\/en\/iletisim\/#webpage\",\"url\":\"https:\/\/www.ckgrup.net\/en\/iletisim\/\",\"name\":\"Contact - Ck Grup\",\"isPartOf\":{\"@id\":\"https:\/\/www.ckgrup.net\/en\/#website\"},\"primaryImageOfPage\":{\"@id\":\"https:\/\/www.ckgrup.net\/en\/iletisim\/#primaryimage\"},\"datePublished\":\"2017-03-02T15:05:01+00:00\",\"dateModified\":\"2022-09-27T21:51:44+00:00\",\"inLanguage\":\"tr\",\"potentialAction\":[{\"@type\":\"ReadAction\",\"target\":[\"https:\/\/www.ckgrup.net\/en\/iletisim\/\"]}]}]}<\/script>\n<!-- \/ Yoast SEO plugin. -->","_links":{"self":[{"href":"https:\/\/www.ckgrup.net\/en\/wp-json\/wp\/v2\/pages\/10354"}],"collection":[{"href":"https:\/\/www.ckgrup.net\/en\/wp-json\/wp\/v2\/pages"}],"about":[{"href":"https:\/\/www.ckgrup.net\/en\/wp-json\/wp\/v2\/types\/page"}],"author":[{"embeddable":true,"href":"https:\/\/www.ckgrup.net\/en\/wp-json\/wp\/v2\/users\/1"}],"replies":[{"embeddable":true,"href":"https:\/\/www.ckgrup.net\/en\/wp-json\/wp\/v2\/comments?post=10354"}],"version-history":[{"count":21,"href":"https:\/\/www.ckgrup.net\/en\/wp-json\/wp\/v2\/pages\/10354\/revisions"}],"predecessor-version":[{"id":11379,"href":"https:\/\/www.ckgrup.net\/en\/wp-json\/wp\/v2\/pages\/10354\/revisions\/11379"}],"wp:featuredmedia":[{"embeddable":true,"href":"https:\/\/www.ckgrup.net\/en\/wp-json\/wp\/v2\/media\/10879"}],"wp:attachment":[{"href":"https:\/\/www.ckgrup.net\/en\/wp-json\/wp\/v2\/media?parent=10354"}],"curies":[{"name":"wp","href":"https:\/\/api.w.org\/{rel}","templated":true}]}}