{"id":10417,"date":"2017-03-14T14:31:50","date_gmt":"2017-03-14T14:31:50","guid":{"rendered":"https:\/\/slimtemplate.net\/adamas-usa-import\/?page_id=10417"},"modified":"2020-09-29T15:22:43","modified_gmt":"2020-09-29T12:22:43","slug":"hakkimizda","status":"publish","type":"page","link":"https:\/\/www.ckgrup.net\/en\/hakkimizda\/","title":{"rendered":"About us"},"content":{"rendered":"<p>[vc_row st_row_width=&#8221;row-full-width&#8221; equal_height=&#8221;yes&#8221;][vc_column css=&#8221;.vc_custom_1489660386824{padding-right: 75px !important;padding-left: 8% !important;}&#8221; offset=&#8221;vc_col-lg-6 vc_col-md-12&#8243;][vc_empty_space height=&#8221;80px&#8221;][vc_custom_heading text=&#8221;CK GROUP &#8211; CORPORATE&#8221; font_container=&#8221;tag:h2|font_size:30px|text_align:left&#8221; use_theme_fonts=&#8221;yes&#8221; custom_heading_enable_elem=&#8221;yes&#8221;][vc_empty_space height=&#8221;40px&#8221;][vc_column_text]CK GROUP &#8211; CORPORATE<br \/>\nCK GRUP firm was established in January 1998. In its activities, the company initially provided services in the Tourism, Textile, Food Sectors, and more recently in the Paper and Packaging Industry.<\/p>\n<p>Our company appeals to all sectors that wind on paper rolls. Our production capacity is between 350 &#8211; 550 tons per month.<\/p>\n<p>Our company has proven its success in the works it has done so far, has continued its work without sacrificing quality and has chosen to use the latest possibilities of technology by constantly following technological innovations and developments.<\/p>\n<p>The aim of our company, which has a dynamic organization, is to present paper to our valued customers in the packaging and printing industry in the best way possible.<\/p>\n<p>Customer satisfaction, quality and trust are our foremost values.[\/vc_column_text][vc_empty_space height=&#8221;40px&#8221;][\/vc_column][vc_column css=&#8221;.vc_custom_1598348694658{background-image: url(http:\/\/ckgrup.net\/en\/wp-content\/uploads\/2020\/08\/hakkimizda.jpg?id=10946) !important;background-position: center !important;background-repeat: no-repeat !important;background-size: cover !important;}&#8221; offset=&#8221;vc_col-lg-6 vc_col-md-12&#8243;][vc_empty_space height=&#8221;440px&#8221;][\/vc_column][\/vc_row][vc_row st_row_width=&#8221;row-full-width&#8221; equal_height=&#8221;yes&#8221;][vc_column css=&#8221;.vc_custom_1598349184925{padding-right: 75px !important;padding-left: 8% !important;background-color: #7e92ad !important;}&#8221; offset=&#8221;vc_col-lg-6 vc_col-md-12&#8243;][vc_empty_space height=&#8221;80px&#8221;][vc_custom_heading text=&#8221;Misyonumuz&#8221; font_container=&#8221;tag:h2|font_size:30px|text_align:left|color:%23ffffff&#8221; use_theme_fonts=&#8221;yes&#8221; custom_heading_enable_elem=&#8221;yes&#8221;][vc_empty_space height=&#8221;40px&#8221;][vc_column_text]<span style=\"color: #ffffff;\">M\u00fc\u015fteri memnuniyeti hedefimizden \u00f6d\u00fcn vermeden, ihtiya\u00e7lar\u0131 her zaman en \u00fcst d\u00fczeydeki kalite anlay\u0131\u015f\u0131m\u0131zla kar\u015f\u0131lamak ve en iyi yat\u0131r\u0131m\u0131n insan oldu\u011fu d\u00fc\u015f\u00fcncemizle ilerlemek.<br \/>\n<\/span>[\/vc_column_text][vc_empty_space height=&#8221;40px&#8221;][\/vc_column][vc_column css=&#8221;.vc_custom_1598348285058{padding-right: 8% !important;padding-left: 75px !important;background-color: #475891 !important;}&#8221; offset=&#8221;vc_col-lg-6 vc_col-md-12&#8243;][vc_empty_space height=&#8221;80px&#8221;][vc_custom_heading text=&#8221;Vizyonumuz&#8221; font_container=&#8221;tag:h2|font_size:30px|text_align:left|color:%23ffffff&#8221; use_theme_fonts=&#8221;yes&#8221; custom_heading_enable_elem=&#8221;yes&#8221;][vc_empty_space height=&#8221;40px&#8221;][vc_column_text]<span style=\"color: #ffffff;\">\u0130leri d\u00fczey teknolojiyi, kalite ve \u00e7a\u011f\u0131n ihtiya\u00e7lar\u0131na uygun bir \u00e7al\u0131\u015fma anlay\u0131\u015f\u0131 ile b\u00fct\u00fcnle\u015ftirmek.<br \/>\n<\/span>[\/vc_column_text][vc_empty_space height=&#8221;40px&#8221;][\/vc_column][\/vc_row][vc_row][vc_column][vc_empty_space height=&#8221;50px&#8221;][\/vc_column][\/vc_row]<\/p>\n","protected":false},"excerpt":{"rendered":"<p>[vc_row st_row_width=&#8221;row-full-width&#8221; equal_height=&#8221;yes&#8221;][vc_column css=&#8221;.vc_custom_1489660386824{padding-right: 75px !important;padding-left: 8% !important;}&#8221; offset=&#8221;vc_col-lg-6 vc_col-md-12&#8243;][vc_empty_space height=&#8221;80px&#8221;][vc_custom_heading text=&#8221;CK GROUP &#8211; CORPORATE&#8221; font_container=&#8221;tag:h2|font_size:30px|text_align:left&#8221; use_theme_fonts=&#8221;yes&#8221; custom_heading_enable_elem=&#8221;yes&#8221;][vc_empty_space height=&#8221;40px&#8221;][vc_column_text]CK GROUP &#8211; CORPORATE CK GRUP firm was established in January 1998&#8230;.<\/p>\n","protected":false},"author":2,"featured_media":11042,"parent":0,"menu_order":12,"comment_status":"closed","ping_status":"closed","template":"page-templates\/page-for-composer.php","meta":[],"yoast_head":"<!-- This site is optimized with the Yoast SEO plugin v14.9 - https:\/\/yoast.com\/wordpress\/plugins\/seo\/ -->\n<title>About us - Ck Grup<\/title>\n<meta name=\"robots\" content=\"index, follow, max-snippet:-1, max-image-preview:large, max-video-preview:-1\" \/>\n<link rel=\"canonical\" href=\"http:\/\/www.ckgrup.net\/en\/hakkimizda\/\" \/>\n<meta property=\"og:locale\" content=\"tr_TR\" \/>\n<meta property=\"og:type\" content=\"article\" \/>\n<meta property=\"og:title\" content=\"About us - Ck Grup\" \/>\n<meta property=\"og:description\" content=\"[vc_row st_row_width=&#8221;row-full-width&#8221; equal_height=&#8221;yes&#8221;][vc_column css=&#8221;.vc_custom_1489660386824{padding-right: 75px !important;padding-left: 8% !important;}&#8221; offset=&#8221;vc_col-lg-6 vc_col-md-12&#8243;][vc_empty_space height=&#8221;80px&#8221;][vc_custom_heading text=&#8221;CK GROUP &#8211; CORPORATE&#8221; font_container=&#8221;tag:h2|font_size:30px|text_align:left&#8221; use_theme_fonts=&#8221;yes&#8221; custom_heading_enable_elem=&#8221;yes&#8221;][vc_empty_space height=&#8221;40px&#8221;][vc_column_text]CK GROUP &#8211; CORPORATE CK GRUP firm was established in January 1998....\" \/>\n<meta property=\"og:url\" content=\"http:\/\/www.ckgrup.net\/en\/hakkimizda\/\" \/>\n<meta property=\"og:site_name\" content=\"Ck Grup\" \/>\n<meta property=\"article:modified_time\" content=\"2020-09-29T12:22:43+00:00\" \/>\n<meta property=\"og:image\" content=\"https:\/\/www.ckgrup.net\/en\/wp-content\/uploads\/2020\/08\/kurumsal-bg.jpg\" \/>\n\t<meta property=\"og:image:width\" content=\"1920\" \/>\n\t<meta property=\"og:image:height\" content=\"501\" \/>\n<meta name=\"twitter:card\" content=\"summary_large_image\" \/>\n<script type=\"application\/ld+json\" class=\"yoast-schema-graph\">{\"@context\":\"https:\/\/schema.org\",\"@graph\":[{\"@type\":\"WebSite\",\"@id\":\"https:\/\/www.ckgrup.net\/en\/#website\",\"url\":\"https:\/\/www.ckgrup.net\/en\/\",\"name\":\"Ck Grup\",\"description\":\"Ka\\u011f\\u0131t Rulo Masura Sanayi\",\"potentialAction\":[{\"@type\":\"SearchAction\",\"target\":\"https:\/\/www.ckgrup.net\/en\/?s={search_term_string}\",\"query-input\":\"required name=search_term_string\"}],\"inLanguage\":\"tr\"},{\"@type\":\"ImageObject\",\"@id\":\"http:\/\/www.ckgrup.net\/en\/hakkimizda\/#primaryimage\",\"inLanguage\":\"tr\",\"url\":\"https:\/\/www.ckgrup.net\/en\/wp-content\/uploads\/2020\/08\/kurumsal-bg.jpg\",\"width\":1920,\"height\":501},{\"@type\":\"WebPage\",\"@id\":\"http:\/\/www.ckgrup.net\/en\/hakkimizda\/#webpage\",\"url\":\"http:\/\/www.ckgrup.net\/en\/hakkimizda\/\",\"name\":\"About us - Ck Grup\",\"isPartOf\":{\"@id\":\"https:\/\/www.ckgrup.net\/en\/#website\"},\"primaryImageOfPage\":{\"@id\":\"http:\/\/www.ckgrup.net\/en\/hakkimizda\/#primaryimage\"},\"datePublished\":\"2017-03-14T14:31:50+00:00\",\"dateModified\":\"2020-09-29T12:22:43+00:00\",\"inLanguage\":\"tr\",\"potentialAction\":[{\"@type\":\"ReadAction\",\"target\":[\"http:\/\/www.ckgrup.net\/en\/hakkimizda\/\"]}]}]}<\/script>\n<!-- \/ Yoast SEO plugin. -->","_links":{"self":[{"href":"https:\/\/www.ckgrup.net\/en\/wp-json\/wp\/v2\/pages\/10417"}],"collection":[{"href":"https:\/\/www.ckgrup.net\/en\/wp-json\/wp\/v2\/pages"}],"about":[{"href":"https:\/\/www.ckgrup.net\/en\/wp-json\/wp\/v2\/types\/page"}],"author":[{"embeddable":true,"href":"https:\/\/www.ckgrup.net\/en\/wp-json\/wp\/v2\/users\/2"}],"replies":[{"embeddable":true,"href":"https:\/\/www.ckgrup.net\/en\/wp-json\/wp\/v2\/comments?post=10417"}],"version-history":[{"count":9,"href":"https:\/\/www.ckgrup.net\/en\/wp-json\/wp\/v2\/pages\/10417\/revisions"}],"predecessor-version":[{"id":10943,"href":"https:\/\/www.ckgrup.net\/en\/wp-json\/wp\/v2\/pages\/10417\/revisions\/10943"}],"wp:featuredmedia":[{"embeddable":true,"href":"https:\/\/www.ckgrup.net\/en\/wp-json\/wp\/v2\/media\/11042"}],"wp:attachment":[{"href":"https:\/\/www.ckgrup.net\/en\/wp-json\/wp\/v2\/media?parent=10417"}],"curies":[{"name":"wp","href":"https:\/\/api.w.org\/{rel}","templated":true}]}}